{"id":17797,"date":"2022-11-05T13:38:02","date_gmt":"2022-11-05T10:38:02","guid":{"rendered":"https:\/\/cafenarplus.com\/qr-menu\/?page_id=17797"},"modified":"2022-11-06T22:41:07","modified_gmt":"2022-11-06T19:41:07","slug":"cafe-nar-plus","status":"publish","type":"page","link":"https:\/\/cafenarplus.com\/qr-menu\/","title":{"rendered":"Cafe Nar Plus"},"content":{"rendered":"\t\t<div data-elementor-type=\"wp-page\" data-elementor-id=\"17797\" class=\"elementor elementor-17797\">\n\t\t\t\t\t\t\t\t\t<section class=\"elementor-section elementor-top-section elementor-element elementor-element-791cd82 elementor-section-boxed elementor-section-height-default elementor-section-height-default\" data-id=\"791cd82\" data-element_type=\"section\" data-settings=\"{&quot;background_background&quot;:&quot;classic&quot;}\">\n\t\t\t\t\t\t<div class=\"elementor-container elementor-column-gap-default\">\n\t\t\t\t\t<div class=\"elementor-column elementor-col-100 elementor-top-column elementor-element elementor-element-6d8db40\" data-id=\"6d8db40\" data-element_type=\"column\">\n\t\t\t<div class=\"elementor-widget-wrap elementor-element-populated\">\n\t\t\t\t\t\t\t\t<section class=\"elementor-section elementor-inner-section elementor-element elementor-element-1c43d2b elementor-section-boxed elementor-section-height-default elementor-section-height-default\" data-id=\"1c43d2b\" data-element_type=\"section\">\n\t\t\t\t\t\t<div class=\"elementor-container elementor-column-gap-default\">\n\t\t\t\t\t<div class=\"elementor-column elementor-col-50 elementor-inner-column elementor-element elementor-element-88045b8\" data-id=\"88045b8\" data-element_type=\"column\">\n\t\t\t<div class=\"elementor-widget-wrap elementor-element-populated\">\n\t\t\t\t\t\t\t\t<div class=\"elementor-element elementor-element-19e060d elementor-widget elementor-widget-pix-photo-box\" data-id=\"19e060d\" data-element_type=\"widget\" data-widget_type=\"pix-photo-box.default\">\n\t\t\t\t<div class=\"elementor-widget-container\">\n\t\t\t<div class=\"card w-100 h-100 bg-heading-default bg-transparent  shadow-sm shadow-hover fly-sm text-left w-100 d-inline-block pix-hover-item rounded-10 position-relative overflow-hidden text-white\" ><img decoding=\"async\" src=\"https:\/\/cafenarplus.com\/qr-menu\/wp-content\/plugins\/pixfort-core\/functions\/images\/loading.webp\" data-srcset=\"https:\/\/cafenarplus.com\/qr-menu\/wp-content\/uploads\/2022\/11\/kahvalti-menu-300x200.jpg 300w, https:\/\/cafenarplus.com\/qr-menu\/wp-content\/uploads\/2022\/11\/kahvalti-menu-1024x683.jpg 1024w, https:\/\/cafenarplus.com\/qr-menu\/wp-content\/uploads\/2022\/11\/kahvalti-menu-768x512.jpg 768w, https:\/\/cafenarplus.com\/qr-menu\/wp-content\/uploads\/2022\/11\/kahvalti-menu-600x400.jpg 600w, https:\/\/cafenarplus.com\/qr-menu\/wp-content\/uploads\/2022\/11\/kahvalti-menu.jpg 1200w\" data-src=\"https:\/\/cafenarplus.com\/qr-menu\/wp-content\/uploads\/2022\/11\/kahvalti-menu.jpg\" class=\"pix-lazy card-img pix-bg-image h-100 pix-img-scale pix-opacity-10 rounded-10 \" loading=\"lazy\" alt=\"Kahvalt\u0131\"><a href=\"https:\/\/cafenarplus.com\/qr-menu\/kahvalti\/\"  class=\"card-img-overlay2 d-inline-block w-100 pix-img-overlay pix-p-10 d-flex align-items-end\" style=\"min-height:375px;\"><div class=\"w-100\"><div class=\"card-content-box pix-p-20 rounded-10 w-100 shadow  bg-white d-flex justify-content-between align-items-center\"><h6 class=\"card-title font-weight-bold  text-black m-0 w-100\" style=\"\">Kahvalt\u0131<\/h6><h6 class=\"pixicon-angle-right text-black font-weight-bold\" style=\"\"><\/h6><\/div><\/div><\/a><\/div>\t\t<\/div>\n\t\t\t\t<\/div>\n\t\t\t\t\t<\/div>\n\t\t<\/div>\n\t\t\t\t<div class=\"elementor-column elementor-col-50 elementor-inner-column elementor-element elementor-element-33e42fe\" data-id=\"33e42fe\" data-element_type=\"column\">\n\t\t\t<div class=\"elementor-widget-wrap elementor-element-populated\">\n\t\t\t\t\t\t\t\t<div class=\"elementor-element elementor-element-dcbcc7a elementor-widget elementor-widget-pix-photo-box\" data-id=\"dcbcc7a\" data-element_type=\"widget\" data-widget_type=\"pix-photo-box.default\">\n\t\t\t\t<div class=\"elementor-widget-container\">\n\t\t\t<div class=\"card w-100 h-100 bg-heading-default bg-transparent  shadow-sm shadow-hover fly-sm text-left w-100 d-inline-block pix-hover-item rounded-lg position-relative overflow-hidden text-white\" ><img decoding=\"async\" src=\"https:\/\/cafenarplus.com\/qr-menu\/wp-content\/plugins\/pixfort-core\/functions\/images\/loading.webp\" data-srcset=\"https:\/\/cafenarplus.com\/qr-menu\/wp-content\/uploads\/2022\/11\/burger-300x200.jpg 300w, https:\/\/cafenarplus.com\/qr-menu\/wp-content\/uploads\/2022\/11\/burger-1024x683.jpg 1024w, https:\/\/cafenarplus.com\/qr-menu\/wp-content\/uploads\/2022\/11\/burger-768x512.jpg 768w, https:\/\/cafenarplus.com\/qr-menu\/wp-content\/uploads\/2022\/11\/burger-600x400.jpg 600w, https:\/\/cafenarplus.com\/qr-menu\/wp-content\/uploads\/2022\/11\/burger.jpg 1200w\" data-src=\"https:\/\/cafenarplus.com\/qr-menu\/wp-content\/uploads\/2022\/11\/burger.jpg\" class=\"pix-lazy card-img pix-bg-image h-100 pix-img-scale pix-opacity-10 rounded-lg \" loading=\"lazy\" alt=\"Sandvi\u00e7 & Tost & Burger\"><a href=\"https:\/\/cafenarplus.com\/qr-menu\/sandvic-tost-burger\/\"  class=\"card-img-overlay2 d-inline-block w-100 pix-img-overlay pix-p-10 d-flex align-items-end\" style=\"min-height:375px;\"><div class=\"w-100\"><div class=\"card-content-box pix-p-20 rounded-lg w-100 shadow  bg-white d-flex justify-content-between align-items-center\"><h5 class=\"card-title font-weight-bold  text-black m-0 w-100\" style=\"\">Sandvi\u00e7 & Tost & Burger<\/h5><h5 class=\"pixicon-angle-right text-black font-weight-bold\" style=\"\"><\/h5><\/div><\/div><\/a><\/div>\t\t<\/div>\n\t\t\t\t<\/div>\n\t\t\t\t\t<\/div>\n\t\t<\/div>\n\t\t\t\t\t\t\t<\/div>\n\t\t<\/section>\n\t\t\t\t<section class=\"elementor-section elementor-inner-section elementor-element elementor-element-cb835b0 elementor-section-boxed elementor-section-height-default elementor-section-height-default\" data-id=\"cb835b0\" data-element_type=\"section\">\n\t\t\t\t\t\t<div class=\"elementor-container elementor-column-gap-default\">\n\t\t\t\t\t<div class=\"elementor-column elementor-col-50 elementor-inner-column elementor-element elementor-element-79a6b22\" data-id=\"79a6b22\" data-element_type=\"column\">\n\t\t\t<div class=\"elementor-widget-wrap elementor-element-populated\">\n\t\t\t\t\t\t\t\t<div class=\"elementor-element elementor-element-58f00b2 elementor-widget elementor-widget-pix-photo-box\" data-id=\"58f00b2\" data-element_type=\"widget\" data-widget_type=\"pix-photo-box.default\">\n\t\t\t\t<div class=\"elementor-widget-container\">\n\t\t\t<div class=\"card w-100 h-100 bg-heading-default bg-transparent  shadow-sm shadow-hover fly-sm text-left w-100 d-inline-block pix-hover-item rounded-lg position-relative overflow-hidden text-white\" ><img decoding=\"async\" src=\"https:\/\/cafenarplus.com\/qr-menu\/wp-content\/plugins\/pixfort-core\/functions\/images\/loading.webp\" data-srcset=\"https:\/\/cafenarplus.com\/qr-menu\/wp-content\/uploads\/2022\/11\/ana-yemek-300x200.jpg 300w, https:\/\/cafenarplus.com\/qr-menu\/wp-content\/uploads\/2022\/11\/ana-yemek-1024x683.jpg 1024w, https:\/\/cafenarplus.com\/qr-menu\/wp-content\/uploads\/2022\/11\/ana-yemek-768x512.jpg 768w, https:\/\/cafenarplus.com\/qr-menu\/wp-content\/uploads\/2022\/11\/ana-yemek-600x400.jpg 600w, https:\/\/cafenarplus.com\/qr-menu\/wp-content\/uploads\/2022\/11\/ana-yemek.jpg 1200w\" data-src=\"https:\/\/cafenarplus.com\/qr-menu\/wp-content\/uploads\/2022\/11\/ana-yemek.jpg\" class=\"pix-lazy card-img pix-bg-image h-100 pix-img-scale pix-opacity-10 rounded-lg \" loading=\"lazy\" alt=\"Ana Yemekler\"><a href=\"https:\/\/cafenarplus.com\/qr-menu\/ana-yemekler\/\"  class=\"card-img-overlay2 d-inline-block w-100 pix-img-overlay pix-p-10 d-flex align-items-end\" style=\"min-height:375px;\"><div class=\"w-100\"><div class=\"card-content-box pix-p-20 rounded-lg w-100 shadow  bg-white d-flex justify-content-between align-items-center\"><h5 class=\"card-title font-weight-bold  text-black m-0 w-100\" style=\"\">Ana Yemekler<\/h5><h5 class=\"pixicon-angle-right text-black font-weight-bold\" style=\"\"><\/h5><\/div><\/div><\/a><\/div>\t\t<\/div>\n\t\t\t\t<\/div>\n\t\t\t\t\t<\/div>\n\t\t<\/div>\n\t\t\t\t<div class=\"elementor-column elementor-col-50 elementor-inner-column elementor-element elementor-element-f5b9c46\" data-id=\"f5b9c46\" data-element_type=\"column\">\n\t\t\t<div class=\"elementor-widget-wrap elementor-element-populated\">\n\t\t\t\t\t\t\t\t<div class=\"elementor-element elementor-element-2398660 elementor-widget elementor-widget-pix-photo-box\" data-id=\"2398660\" data-element_type=\"widget\" data-widget_type=\"pix-photo-box.default\">\n\t\t\t\t<div class=\"elementor-widget-container\">\n\t\t\t<div class=\"card w-100 h-100 bg-heading-default bg-transparent  shadow-sm shadow-hover fly-sm text-left w-100 d-inline-block pix-hover-item rounded-lg position-relative overflow-hidden text-white\" ><img decoding=\"async\" src=\"https:\/\/cafenarplus.com\/qr-menu\/wp-content\/plugins\/pixfort-core\/functions\/images\/loading.webp\" data-srcset=\"https:\/\/cafenarplus.com\/qr-menu\/wp-content\/uploads\/2022\/11\/salatalar-300x200.jpg 300w, https:\/\/cafenarplus.com\/qr-menu\/wp-content\/uploads\/2022\/11\/salatalar-1024x683.jpg 1024w, https:\/\/cafenarplus.com\/qr-menu\/wp-content\/uploads\/2022\/11\/salatalar-768x512.jpg 768w, https:\/\/cafenarplus.com\/qr-menu\/wp-content\/uploads\/2022\/11\/salatalar-600x400.jpg 600w, https:\/\/cafenarplus.com\/qr-menu\/wp-content\/uploads\/2022\/11\/salatalar.jpg 1200w\" data-src=\"https:\/\/cafenarplus.com\/qr-menu\/wp-content\/uploads\/2022\/11\/salatalar.jpg\" class=\"pix-lazy card-img pix-bg-image h-100 pix-img-scale pix-opacity-10 rounded-lg \" loading=\"lazy\" alt=\"Salatalar\"><a href=\"https:\/\/cafenarplus.com\/qr-menu\/salatalar\/\"  class=\"card-img-overlay2 d-inline-block w-100 pix-img-overlay pix-p-10 d-flex align-items-end\" style=\"min-height:375px;\"><div class=\"w-100\"><div class=\"card-content-box pix-p-20 rounded-lg w-100 shadow  bg-white d-flex justify-content-between align-items-center\"><h5 class=\"card-title font-weight-bold  text-black m-0 w-100\" style=\"\">Salatalar<\/h5><h5 class=\"pixicon-angle-right text-black font-weight-bold\" style=\"\"><\/h5><\/div><\/div><\/a><\/div>\t\t<\/div>\n\t\t\t\t<\/div>\n\t\t\t\t\t<\/div>\n\t\t<\/div>\n\t\t\t\t\t\t\t<\/div>\n\t\t<\/section>\n\t\t\t\t<section class=\"elementor-section elementor-inner-section elementor-element elementor-element-830bca6 elementor-section-boxed elementor-section-height-default elementor-section-height-default\" data-id=\"830bca6\" data-element_type=\"section\">\n\t\t\t\t\t\t<div class=\"elementor-container elementor-column-gap-default\">\n\t\t\t\t\t<div class=\"elementor-column elementor-col-50 elementor-inner-column elementor-element elementor-element-9f0f98c\" data-id=\"9f0f98c\" data-element_type=\"column\">\n\t\t\t<div class=\"elementor-widget-wrap elementor-element-populated\">\n\t\t\t\t\t\t\t\t<div class=\"elementor-element elementor-element-76dea61 elementor-widget elementor-widget-pix-photo-box\" data-id=\"76dea61\" data-element_type=\"widget\" data-widget_type=\"pix-photo-box.default\">\n\t\t\t\t<div class=\"elementor-widget-container\">\n\t\t\t<div class=\"card w-100 h-100 bg-heading-default bg-transparent  shadow-sm shadow-hover fly-sm text-left w-100 d-inline-block pix-hover-item rounded-lg position-relative overflow-hidden text-white\" ><img decoding=\"async\" src=\"https:\/\/cafenarplus.com\/qr-menu\/wp-content\/plugins\/pixfort-core\/functions\/images\/loading.webp\" data-srcset=\"https:\/\/cafenarplus.com\/qr-menu\/wp-content\/uploads\/2022\/11\/pizza-300x200.jpg 300w, https:\/\/cafenarplus.com\/qr-menu\/wp-content\/uploads\/2022\/11\/pizza-1024x683.jpg 1024w, https:\/\/cafenarplus.com\/qr-menu\/wp-content\/uploads\/2022\/11\/pizza-768x512.jpg 768w, https:\/\/cafenarplus.com\/qr-menu\/wp-content\/uploads\/2022\/11\/pizza-600x400.jpg 600w, https:\/\/cafenarplus.com\/qr-menu\/wp-content\/uploads\/2022\/11\/pizza.jpg 1200w\" data-src=\"https:\/\/cafenarplus.com\/qr-menu\/wp-content\/uploads\/2022\/11\/pizza.jpg\" class=\"pix-lazy card-img pix-bg-image h-100 pix-img-scale pix-opacity-10 rounded-lg \" loading=\"lazy\" alt=\"Pizza & G\u00f6zleme & Aperatifler\"><a href=\"https:\/\/cafenarplus.com\/qr-menu\/sandvic-tost-burger\/\"  class=\"card-img-overlay2 d-inline-block w-100 pix-img-overlay pix-p-10 d-flex align-items-end\" style=\"min-height:375px;\"><div class=\"w-100\"><div class=\"card-content-box pix-p-20 rounded-lg w-100 shadow  bg-white d-flex justify-content-between align-items-center\"><h5 class=\"card-title font-weight-bold  text-black m-0 w-100\" style=\"\">Pizza & G\u00f6zleme & Aperatifler<\/h5><h5 class=\"pixicon-angle-right text-black font-weight-bold\" style=\"\"><\/h5><\/div><\/div><\/a><\/div>\t\t<\/div>\n\t\t\t\t<\/div>\n\t\t\t\t\t<\/div>\n\t\t<\/div>\n\t\t\t\t<div class=\"elementor-column elementor-col-50 elementor-inner-column elementor-element elementor-element-981353f\" data-id=\"981353f\" data-element_type=\"column\">\n\t\t\t<div class=\"elementor-widget-wrap elementor-element-populated\">\n\t\t\t\t\t\t\t\t<div class=\"elementor-element elementor-element-ecc9bcd elementor-widget elementor-widget-pix-photo-box\" data-id=\"ecc9bcd\" data-element_type=\"widget\" data-widget_type=\"pix-photo-box.default\">\n\t\t\t\t<div class=\"elementor-widget-container\">\n\t\t\t<div class=\"card w-100 h-100 bg-heading-default bg-transparent  shadow-sm shadow-hover fly-sm text-left w-100 d-inline-block pix-hover-item rounded-lg position-relative overflow-hidden text-white\" ><img decoding=\"async\" src=\"https:\/\/cafenarplus.com\/qr-menu\/wp-content\/plugins\/pixfort-core\/functions\/images\/loading.webp\" data-srcset=\"https:\/\/cafenarplus.com\/qr-menu\/wp-content\/uploads\/2022\/11\/makarnalar-300x200.jpg 300w, https:\/\/cafenarplus.com\/qr-menu\/wp-content\/uploads\/2022\/11\/makarnalar-1024x683.jpg 1024w, https:\/\/cafenarplus.com\/qr-menu\/wp-content\/uploads\/2022\/11\/makarnalar-768x512.jpg 768w, https:\/\/cafenarplus.com\/qr-menu\/wp-content\/uploads\/2022\/11\/makarnalar-600x400.jpg 600w, https:\/\/cafenarplus.com\/qr-menu\/wp-content\/uploads\/2022\/11\/makarnalar.jpg 1200w\" data-src=\"https:\/\/cafenarplus.com\/qr-menu\/wp-content\/uploads\/2022\/11\/makarnalar.jpg\" class=\"pix-lazy card-img pix-bg-image h-100 pix-img-scale pix-opacity-10 rounded-lg \" loading=\"lazy\" alt=\"Makarnalar\"><a href=\"https:\/\/cafenarplus.com\/qr-menu\/makarnalar\/\"  class=\"card-img-overlay2 d-inline-block w-100 pix-img-overlay pix-p-10 d-flex align-items-end\" style=\"min-height:375px;\"><div class=\"w-100\"><div class=\"card-content-box pix-p-20 rounded-lg w-100 shadow  bg-white d-flex justify-content-between align-items-center\"><h5 class=\"card-title font-weight-bold  text-black m-0 w-100\" style=\"\">Makarnalar<\/h5><h5 class=\"pixicon-angle-right text-black font-weight-bold\" style=\"\"><\/h5><\/div><\/div><\/a><\/div>\t\t<\/div>\n\t\t\t\t<\/div>\n\t\t\t\t\t<\/div>\n\t\t<\/div>\n\t\t\t\t\t\t\t<\/div>\n\t\t<\/section>\n\t\t\t\t<section class=\"elementor-section elementor-inner-section elementor-element elementor-element-6989e92 elementor-section-boxed elementor-section-height-default elementor-section-height-default\" data-id=\"6989e92\" data-element_type=\"section\">\n\t\t\t\t\t\t<div class=\"elementor-container elementor-column-gap-default\">\n\t\t\t\t\t<div class=\"elementor-column elementor-col-50 elementor-inner-column elementor-element elementor-element-1397be2\" data-id=\"1397be2\" data-element_type=\"column\">\n\t\t\t<div class=\"elementor-widget-wrap elementor-element-populated\">\n\t\t\t\t\t\t\t\t<div class=\"elementor-element elementor-element-ab18c99 elementor-widget elementor-widget-pix-photo-box\" data-id=\"ab18c99\" data-element_type=\"widget\" data-widget_type=\"pix-photo-box.default\">\n\t\t\t\t<div class=\"elementor-widget-container\">\n\t\t\t<div class=\"card w-100 h-100 bg-heading-default bg-transparent  shadow-sm shadow-hover fly-sm text-left w-100 d-inline-block pix-hover-item rounded-lg position-relative overflow-hidden text-white\" ><img decoding=\"async\" src=\"https:\/\/cafenarplus.com\/qr-menu\/wp-content\/plugins\/pixfort-core\/functions\/images\/loading.webp\" data-srcset=\"https:\/\/cafenarplus.com\/qr-menu\/wp-content\/uploads\/2022\/11\/tatlilar-300x200.jpg 300w, https:\/\/cafenarplus.com\/qr-menu\/wp-content\/uploads\/2022\/11\/tatlilar-1024x683.jpg 1024w, https:\/\/cafenarplus.com\/qr-menu\/wp-content\/uploads\/2022\/11\/tatlilar-768x512.jpg 768w, https:\/\/cafenarplus.com\/qr-menu\/wp-content\/uploads\/2022\/11\/tatlilar-600x400.jpg 600w, https:\/\/cafenarplus.com\/qr-menu\/wp-content\/uploads\/2022\/11\/tatlilar.jpg 1200w\" data-src=\"https:\/\/cafenarplus.com\/qr-menu\/wp-content\/uploads\/2022\/11\/tatlilar.jpg\" class=\"pix-lazy card-img pix-bg-image h-100 pix-img-scale pix-opacity-10 rounded-lg \" loading=\"lazy\" alt=\"Tatl\u0131lar\"><a href=\"https:\/\/cafenarplus.com\/qr-menu\/tatlilar\/\"  class=\"card-img-overlay2 d-inline-block w-100 pix-img-overlay pix-p-10 d-flex align-items-end\" style=\"min-height:375px;\"><div class=\"w-100\"><div class=\"card-content-box pix-p-20 rounded-lg w-100 shadow  bg-white d-flex justify-content-between align-items-center\"><h5 class=\"card-title font-weight-bold  text-black m-0 w-100\" style=\"\">Tatl\u0131lar<\/h5><h5 class=\"pixicon-angle-right text-black font-weight-bold\" style=\"\"><\/h5><\/div><\/div><\/a><\/div>\t\t<\/div>\n\t\t\t\t<\/div>\n\t\t\t\t\t<\/div>\n\t\t<\/div>\n\t\t\t\t<div class=\"elementor-column elementor-col-50 elementor-inner-column elementor-element elementor-element-990c806\" data-id=\"990c806\" data-element_type=\"column\">\n\t\t\t<div class=\"elementor-widget-wrap elementor-element-populated\">\n\t\t\t\t\t\t\t\t<div class=\"elementor-element elementor-element-d9ec844 elementor-widget elementor-widget-pix-photo-box\" data-id=\"d9ec844\" data-element_type=\"widget\" data-widget_type=\"pix-photo-box.default\">\n\t\t\t\t<div class=\"elementor-widget-container\">\n\t\t\t<div class=\"card w-100 h-100 bg-heading-default bg-transparent  shadow-sm shadow-hover fly-sm text-left w-100 d-inline-block pix-hover-item rounded-lg position-relative overflow-hidden text-white\" ><img decoding=\"async\" src=\"https:\/\/cafenarplus.com\/qr-menu\/wp-content\/plugins\/pixfort-core\/functions\/images\/loading.webp\" data-srcset=\"https:\/\/cafenarplus.com\/qr-menu\/wp-content\/uploads\/2022\/11\/icecekler-300x200.jpg 300w, https:\/\/cafenarplus.com\/qr-menu\/wp-content\/uploads\/2022\/11\/icecekler-1024x683.jpg 1024w, https:\/\/cafenarplus.com\/qr-menu\/wp-content\/uploads\/2022\/11\/icecekler-768x512.jpg 768w, https:\/\/cafenarplus.com\/qr-menu\/wp-content\/uploads\/2022\/11\/icecekler-600x400.jpg 600w, https:\/\/cafenarplus.com\/qr-menu\/wp-content\/uploads\/2022\/11\/icecekler.jpg 1200w\" data-src=\"https:\/\/cafenarplus.com\/qr-menu\/wp-content\/uploads\/2022\/11\/icecekler.jpg\" class=\"pix-lazy card-img pix-bg-image h-100 pix-img-scale pix-opacity-10 rounded-lg \" loading=\"lazy\" alt=\"\u0130\u00e7ecekler\"><a href=\"https:\/\/cafenarplus.com\/qr-menu\/icecekler\/\"  class=\"card-img-overlay2 d-inline-block w-100 pix-img-overlay pix-p-10 d-flex align-items-end\" style=\"min-height:375px;\"><div class=\"w-100\"><div class=\"card-content-box pix-p-20 rounded-lg w-100 shadow  bg-white d-flex justify-content-between align-items-center\"><h5 class=\"card-title font-weight-bold  text-black m-0 w-100\" style=\"\">\u0130\u00e7ecekler<\/h5><h5 class=\"pixicon-angle-right text-black font-weight-bold\" style=\"\"><\/h5><\/div><\/div><\/a><\/div>\t\t<\/div>\n\t\t\t\t<\/div>\n\t\t\t\t\t<\/div>\n\t\t<\/div>\n\t\t\t\t\t\t\t<\/div>\n\t\t<\/section>\n\t\t\t\t<section class=\"elementor-section elementor-inner-section elementor-element elementor-element-4d1557b elementor-section-boxed elementor-section-height-default elementor-section-height-default\" data-id=\"4d1557b\" data-element_type=\"section\">\n\t\t\t\t\t\t<div class=\"elementor-container elementor-column-gap-default\">\n\t\t\t\t\t<div class=\"elementor-column elementor-col-50 elementor-inner-column elementor-element elementor-element-a1fbdb4\" data-id=\"a1fbdb4\" data-element_type=\"column\">\n\t\t\t<div class=\"elementor-widget-wrap elementor-element-populated\">\n\t\t\t\t\t\t\t\t<div class=\"elementor-element elementor-element-3f5a0a4 elementor-widget elementor-widget-pix-photo-box\" data-id=\"3f5a0a4\" data-element_type=\"widget\" data-widget_type=\"pix-photo-box.default\">\n\t\t\t\t<div class=\"elementor-widget-container\">\n\t\t\t<div class=\"card w-100 h-100 bg-heading-default bg-transparent  shadow-sm shadow-hover fly-sm text-left w-100 d-inline-block pix-hover-item rounded-lg position-relative overflow-hidden text-white\" ><img decoding=\"async\" src=\"https:\/\/cafenarplus.com\/qr-menu\/wp-content\/plugins\/pixfort-core\/functions\/images\/loading.webp\" data-srcset=\"https:\/\/cafenarplus.com\/qr-menu\/wp-content\/uploads\/2022\/11\/nargileler-300x200.jpg 300w, https:\/\/cafenarplus.com\/qr-menu\/wp-content\/uploads\/2022\/11\/nargileler-1024x683.jpg 1024w, https:\/\/cafenarplus.com\/qr-menu\/wp-content\/uploads\/2022\/11\/nargileler-768x512.jpg 768w, https:\/\/cafenarplus.com\/qr-menu\/wp-content\/uploads\/2022\/11\/nargileler-600x400.jpg 600w, https:\/\/cafenarplus.com\/qr-menu\/wp-content\/uploads\/2022\/11\/nargileler.jpg 1200w\" data-src=\"https:\/\/cafenarplus.com\/qr-menu\/wp-content\/uploads\/2022\/11\/nargileler.jpg\" class=\"pix-lazy card-img pix-bg-image h-100 pix-img-scale pix-opacity-10 rounded-lg \" loading=\"lazy\" alt=\"Nargileler\"><a href=\"https:\/\/cafenarplus.com\/qr-menu\/nargile\/\"  class=\"card-img-overlay2 d-inline-block w-100 pix-img-overlay pix-p-10 d-flex align-items-end\" style=\"min-height:375px;\"><div class=\"w-100\"><div class=\"card-content-box pix-p-20 rounded-lg w-100 shadow  bg-white d-flex justify-content-between align-items-center\"><h5 class=\"card-title font-weight-bold  text-black m-0 w-100\" style=\"\">Nargileler<\/h5><h5 class=\"pixicon-angle-right text-black font-weight-bold\" style=\"\"><\/h5><\/div><\/div><\/a><\/div>\t\t<\/div>\n\t\t\t\t<\/div>\n\t\t\t\t\t<\/div>\n\t\t<\/div>\n\t\t\t\t<div class=\"elementor-column elementor-col-50 elementor-inner-column elementor-element elementor-element-68cc1e7\" data-id=\"68cc1e7\" data-element_type=\"column\">\n\t\t\t<div class=\"elementor-widget-wrap\">\n\t\t\t\t\t\t\t\t\t<\/div>\n\t\t<\/div>\n\t\t\t\t\t\t\t<\/div>\n\t\t<\/section>\n\t\t\t\t\t<\/div>\n\t\t<\/div>\n\t\t\t\t\t\t\t<\/div>\n\t\t<\/section>\n\t\t\t\t\t\t\t<\/div>\n\t\t","protected":false},"excerpt":{"rendered":"<p>Kahvalt\u0131 Sandvi\u00e7 &#038; Tost &#038; Burger Ana Yemekler Salatalar Pizza &#038; G\u00f6zleme &#038; Aperatifler Makarnalar Tatl\u0131lar \u0130\u00e7ecekler Nargileler<\/p>\n","protected":false},"author":1,"featured_media":0,"parent":0,"menu_order":0,"comment_status":"closed","ping_status":"closed","template":"elementor_header_footer","meta":{"footnotes":""},"class_list":["post-17797","page","type-page","status-publish","hentry"],"_links":{"self":[{"href":"https:\/\/cafenarplus.com\/qr-menu\/wp-json\/wp\/v2\/pages\/17797","targetHints":{"allow":["GET"]}}],"collection":[{"href":"https:\/\/cafenarplus.com\/qr-menu\/wp-json\/wp\/v2\/pages"}],"about":[{"href":"https:\/\/cafenarplus.com\/qr-menu\/wp-json\/wp\/v2\/types\/page"}],"author":[{"embeddable":true,"href":"https:\/\/cafenarplus.com\/qr-menu\/wp-json\/wp\/v2\/users\/1"}],"replies":[{"embeddable":true,"href":"https:\/\/cafenarplus.com\/qr-menu\/wp-json\/wp\/v2\/comments?post=17797"}],"version-history":[{"count":53,"href":"https:\/\/cafenarplus.com\/qr-menu\/wp-json\/wp\/v2\/pages\/17797\/revisions"}],"predecessor-version":[{"id":18066,"href":"https:\/\/cafenarplus.com\/qr-menu\/wp-json\/wp\/v2\/pages\/17797\/revisions\/18066"}],"wp:attachment":[{"href":"https:\/\/cafenarplus.com\/qr-menu\/wp-json\/wp\/v2\/media?parent=17797"}],"curies":[{"name":"wp","href":"https:\/\/api.w.org\/{rel}","templated":true}]}}